{"id":10,"date":"2021-03-18T13:53:00","date_gmt":"2021-03-18T11:53:00","guid":{"rendered":"https:\/\/tennisverein-rassach.at\/wordpress\/?page_id=10"},"modified":"2025-01-21T11:46:34","modified_gmt":"2025-01-21T09:46:34","slug":"home-2","status":"publish","type":"page","link":"https:\/\/tennisverein-rassach.at\/","title":{"rendered":"Startseite"},"content":{"rendered":"\n<p class=\"has-text-align-center has-large-font-size\">Herzlich willkommen auf der Homepage des Tennisvereines Rassach<\/p>\n\n\n\n<figure class=\"wp-block-image size-full\"><a href=\"https:\/\/tennisverein-rassach.at\/wp-content\/uploads\/2025\/01\/FB_IMG_1737309307374.jpg\"><img loading=\"lazy\" decoding=\"async\" width=\"960\" height=\"960\" src=\"https:\/\/tennisverein-rassach.at\/wp-content\/uploads\/2025\/01\/FB_IMG_1737309307374.jpg\" alt=\"\" class=\"wp-image-1429\" srcset=\"https:\/\/tennisverein-rassach.at\/wp-content\/uploads\/2025\/01\/FB_IMG_1737309307374.jpg 960w, https:\/\/tennisverein-rassach.at\/wp-content\/uploads\/2025\/01\/FB_IMG_1737309307374-300x300.jpg 300w, https:\/\/tennisverein-rassach.at\/wp-content\/uploads\/2025\/01\/FB_IMG_1737309307374-150x150.jpg 150w, https:\/\/tennisverein-rassach.at\/wp-content\/uploads\/2025\/01\/FB_IMG_1737309307374-768x768.jpg 768w\" sizes=\"auto, (max-width: 960px) 100vw, 960px\" \/><\/a><\/figure>\n\n\n\n<div class=\"wp-block-group\"><div class=\"wp-block-group__inner-container is-layout-flow wp-block-group-is-layout-flow\">\n<p class=\"has-text-align-center has-medium-font-size\">Auf dieser Seite findest du Informationen \u00fcber Zuk\u00fcnftiges und Vergangenes <br>im Bezug auf den Tennisverein Rassach. <\/p>\n\n\n\n<p><\/p>\n<\/div><\/div>\n\n\n\n<p class=\"has-luminous-vivid-orange-color has-text-color has-large-font-size\">Meisterschaftsteilnahme<\/p>\n\n\n\n<div class=\"wp-block-media-text alignwide has-media-on-the-right is-stacked-on-mobile\"><div class=\"wp-block-media-text__content\">\n<p class=\"has-normal-font-size\"><\/p>\n\n\n\n<p>Im Abgelaufenen Jahr haben unsere Mannschaften der <strong><mark style=\"background-color:rgba(0, 0, 0, 0)\" class=\"has-inline-color has-vivid-red-color\">Allgemeinen Klasse<\/mark><\/strong> und der <mark style=\"background-color:rgba(0, 0, 0, 0)\" class=\"has-inline-color has-vivid-red-color\">45\u00b4er<\/mark> wieder an der Meisterschaft teilgenommen. <br><strong>Die Mannschaft der Allgemeinen Klasse wurde Meister in der 4. Klasse J und steigt somit n\u00e4chstes Jahr in die 3. Klasse auf.<\/strong><\/p>\n\n\n\n<p>Hier die Ergebnisse im<\/p>\n\n\n\n<p><a href=\"https:\/\/www.tennissteiermark.at\/liga\/allgemeine-klasse\/gruppe\/g\/214766.html\">\u00dcBERBLICK<\/a><\/p>\n\n\n\n<p class=\"has-normal-font-size\"><\/p>\n<\/div><figure class=\"wp-block-media-text__media\"><img loading=\"lazy\" decoding=\"async\" width=\"1024\" height=\"483\" src=\"https:\/\/tennisverein-rassach.at\/wp-content\/uploads\/2021\/03\/image-7-1024x483.png\" alt=\"\" class=\"wp-image-1183 size-full\" srcset=\"https:\/\/tennisverein-rassach.at\/wp-content\/uploads\/2021\/03\/image-7-1024x483.png 1024w, https:\/\/tennisverein-rassach.at\/wp-content\/uploads\/2021\/03\/image-7-300x142.png 300w, https:\/\/tennisverein-rassach.at\/wp-content\/uploads\/2021\/03\/image-7-768x362.png 768w, https:\/\/tennisverein-rassach.at\/wp-content\/uploads\/2021\/03\/image-7-1536x725.png 1536w, https:\/\/tennisverein-rassach.at\/wp-content\/uploads\/2021\/03\/image-7-2048x967.png 2048w\" sizes=\"auto, (max-width: 1024px) 100vw, 1024px\" \/><\/figure><\/div>\n\n\n\n<div class=\"wp-block-media-text alignwide has-media-on-the-right is-stacked-on-mobile\"><div class=\"wp-block-media-text__content\">\n<p>Die Spieler bedanken sich f\u00fcr die tolle zahlreiche Unterst\u00fctzung bei den Spielen. Wir hoffen die Zuseher waren mit den Leistung zufrieden und werden uns im n\u00e4chsten Jahr wieder anfeuern. <\/p>\n\n\n\n<p>In der Wintermeisterschaft nehmen zwei Mannschaften in der <mark style=\"background-color:rgba(0, 0, 0, 0)\" class=\"has-inline-color has-luminous-vivid-orange-color\">Allgemeinen Klasse<\/mark> teil. <\/p>\n\n\n\n<p><a href=\"https:\/\/www.tennissteiermark.at\/liga\/allgemeine-klasse\/gruppe\/g\/219758.html\" target=\"_blank\" rel=\"noreferrer noopener\">Rassach 1 2.Klasse G<\/a>: <\/p>\n\n\n\n<p> <a href=\"https:\/\/www.tennissteiermark.at\/liga\/allgemeine-klasse\/gruppe\/g\/219774.html\" target=\"_blank\" rel=\"noreferrer noopener\">Rassach 2 3. Klasse E<\/a><\/p>\n\n\n\n<p><\/p>\n<\/div><figure class=\"wp-block-media-text__media\"><img decoding=\"async\" src=\"https:\/\/tennisverein-rassach.at\/wp-content\/uploads\/2021\/03\/Doppel-1.png\" alt=\"\" class=\"wp-image-1177 size-full\"\/><\/figure><\/div>\n","protected":false},"excerpt":{"rendered":"<p>Herzlich willkommen auf der Homepage des Tennisvereines Rassach Auf dieser Seite findest du Informationen \u00fcber Zuk\u00fcnftiges und Vergangenes im Bezug auf den Tennisverein Rassach. Meisterschaftsteilnahme Im Abgelaufenen Jahr haben unsere Mannschaften der Allgemeinen Klasse und der 45\u00b4er wieder an der Meisterschaft teilgenommen. Die Mannschaft der Allgemeinen Klasse wurde Meister in der 4. Klasse J und &hellip; <a href=\"https:\/\/tennisverein-rassach.at\/\" class=\"more-link\"><span class=\"screen-reader-text\">Startseite<\/span> weiterlesen <span class=\"meta-nav\">&rarr;<\/span><\/a><\/p>\n","protected":false},"author":1,"featured_media":0,"parent":0,"menu_order":1,"comment_status":"closed","ping_status":"closed","template":"","meta":{"ngg_post_thumbnail":0,"footnotes":""},"class_list":["post-10","page","type-page","status-publish","hentry"],"_links":{"self":[{"href":"https:\/\/tennisverein-rassach.at\/index.php?rest_route=\/wp\/v2\/pages\/10","targetHints":{"allow":["GET"]}}],"collection":[{"href":"https:\/\/tennisverein-rassach.at\/index.php?rest_route=\/wp\/v2\/pages"}],"about":[{"href":"https:\/\/tennisverein-rassach.at\/index.php?rest_route=\/wp\/v2\/types\/page"}],"author":[{"embeddable":true,"href":"https:\/\/tennisverein-rassach.at\/index.php?rest_route=\/wp\/v2\/users\/1"}],"replies":[{"embeddable":true,"href":"https:\/\/tennisverein-rassach.at\/index.php?rest_route=%2Fwp%2Fv2%2Fcomments&post=10"}],"version-history":[{"count":58,"href":"https:\/\/tennisverein-rassach.at\/index.php?rest_route=\/wp\/v2\/pages\/10\/revisions"}],"predecessor-version":[{"id":1432,"href":"https:\/\/tennisverein-rassach.at\/index.php?rest_route=\/wp\/v2\/pages\/10\/revisions\/1432"}],"wp:attachment":[{"href":"https:\/\/tennisverein-rassach.at\/index.php?rest_route=%2Fwp%2Fv2%2Fmedia&parent=10"}],"curies":[{"name":"wp","href":"https:\/\/api.w.org\/{rel}","templated":true}]}}