{"id":125,"date":"2014-03-26T14:52:35","date_gmt":"2014-03-26T12:52:35","guid":{"rendered":"https:\/\/tennisverein-rassach.at\/wordpress\/?page_id=125"},"modified":"2021-03-19T17:13:49","modified_gmt":"2021-03-19T15:13:49","slug":"benuetzungsbestimmungen","status":"publish","type":"page","link":"https:\/\/tennisverein-rassach.at\/?page_id=125","title":{"rendered":"Ben\u00fctzungsbestimmung"},"content":{"rendered":"<h1>f\u00fcr die Tennispl\u00e4tze<\/h1>\n<h4><span style=\"color: #fbc737;\"><strong>Reservierung: (nur f\u00fcr Mitglieder)<\/strong><\/span><\/h4>\n<p>Jedes Mitglied erh\u00e4lt Zugangsdaten f\u00fcr das Online <a href=\"https:\/\/tennisverein-rassach.at\/Reservierung\/index.php\">Reservierungssystem<\/a>.<\/p>\n<p>\u00dcber diese System k\u00f6nnen die Stunden reserviert werden.<\/p>\n<p>Sollte jemand reserviert haben und nicht spielen k\u00f6nne, bitte die Reservierung so schnell wie m\u00f6glich wieder aus dem System l\u00f6schen, damit der Platz f\u00fcr andere Spieler als frei erkennbar ist.<\/p>\n<h4><span style=\"color: #fbc737;\"><strong>Jeder Erwachsene, Student oder Lehrling darf f\u00fcr folgende Spielzeit reservieren:<\/strong><\/span><\/h4>\n<p>derzeit keine Einschr\u00e4nkungen<\/p>\n<p>Bei \u00fcbertriebenem Reservierungsverhalten beh\u00e4lt sich der Vorstand vor, einzelne Nutzer dahingehend einzubremsen.<\/p>\n<h4><span style=\"color: #fbc737;\"><strong>Eintragung der Stunden mit Trainer<\/strong><\/span><\/h4>\n<p>Es ist bei der Reservierung der Stunde(n) anzugeben, dass mit Trainer gespielt wird.&nbsp;<\/p>\n<h4><span style=\"color: #fbc737;\"><strong>Spielen mit vereinsfremden Personen:<\/strong><\/span><\/h4>\n<p>Reserviert ein Mitglied diese Stunde mit einem \u201eGast\u201c so ist diese Stunde unbedingt mit dem Namen des Mitgliedes und \u201eGAST Name V.\u201c einzutragen. Das Mitglied ist f\u00fcr die korrekte Bezahlung der Gaststunden verantwortlich!<\/p>\n<p>Jede vereinsfremden Personen hat daf\u00fcr \u20ac 7,- pro Stunde zu bezahlen. Sollten sich zur gleichen Zeit mehrere vereinsfremde Spieler am Platz aufhalten, so ist die Geb\u00fchr pro Person zu entrichten.<\/p>\n<p>Der Betrag ist mit \u20ac21,- gedeckelt.<\/p>\n<p>Bei Training mit Trainer und vereinsfremden Spielern gilt ebenso \u20ac 7,- f\u00fcr vereinsfremden Personen, max. \u20ac21,- pro Platz.&nbsp;<\/p>\n<p><strong>Ein Mitglied muss immer mit am Platz sein und spielen!<\/strong><\/p>\n<h4><span style=\"color: #fbc737;\"><strong>Spielen von vereinsfremden Personen:<\/strong><\/span><\/h4>\n<p>Spiele ohne die Teilnahme eines Vereinsmitglieds sind nicht m\u00f6glich.<\/p>\n<h4><span style=\"color: #fbc737;\"><strong>Pflege des Platzes:<\/strong><\/span><\/h4>\n<p>Der ben\u00fctzte Platz muss zur vollen Stunden \u201eabgezogen\u201c sein und den nachfolgenden Spielern zur Verf\u00fcgung stehen. Erkl\u00e4rungen zum \u201eAbziehen\u201c sind am Tennisplatz ersichtlich.<br \/>\nJeder Spieler ist f\u00fcr eine grob fahrl\u00e4ssige oder absichtliche Besch\u00e4digung des Platzes samt Einrichtungen haftbar.<br \/>\nDer Tennisplatz darf nur mit Tennisschuhen betreten werden.<\/p>\n<h4><span style=\"color: #fbc737;\"><strong>Schl\u00fcssel f\u00fcr die Tennispl\u00e4tze:<\/strong><\/span><\/h4>\n<p>Jedes Mitglied bekommt 1 Schl\u00fcssel f\u00fcr die Tennispl\u00e4tze und das Sporthaus und ist f\u00fcr diesen verantwortlich. F\u00fcr diesen Schl\u00fcssel ist ein Einsatz von \u20ac 10,00 bei \u00dcbernahme zu bezahlen.<br \/>\nDie Tennispl\u00e4tze und das Sporthaus sind nach Ben\u00fctzung immer zu versperren ! !<\/p>\n<h4><span style=\"color: #fbc737;\"><strong>Ben\u00fctzung des Sporthauses:<\/strong><\/span><\/h4>\n<p>Im Sporthaus befindet sich eine Schankanlage und ein K\u00fchlschrank aus dem Getr\u00e4nke (Bier, Mineralwasser und alkoholfreie Getr\u00e4nke) zum angeschlagenen Preis entnommen werden k\u00f6nnen.<\/p>\n<p><strong>Die entnommenen Getr\u00e4nke sind sofort in der vorgesehenen Kassa zu bezahlen!<\/strong><\/p>\n<p>Wir ersuchen Sie die Sportlerh\u00fctte sauber zu halten, die konsumierten Getr\u00e4nke zu bezahlen und die Leerflaschen wegzur\u00e4umen.<\/p>\n<h4><span style=\"color: #fbc737;\"><strong>Bitte an alle Mitglieder:<\/strong><\/span><\/h4>\n<p>Helfen Sie mit bei der Kontrolle f\u00fcr die genaue Einhaltung der Ben\u00fctzungsbestimmungen. Dadurch kann zum Vorteil aller Mitglieder die Kalkulation der Getr\u00e4nkepreise so niedrig wie m\u00f6glich gestaltet werden.<\/p>\n<h4>Der j\u00e4hrliche Mitgliedsbeitrag ist f\u00fcr das jeweils laufenden Jahr bis 28. Februar zu \u00fcberweisen.<\/h4>\n","protected":false},"excerpt":{"rendered":"<p>f\u00fcr die Tennispl\u00e4tze Reservierung: (nur f\u00fcr Mitglieder) Jedes Mitglied erh\u00e4lt Zugangsdaten f\u00fcr das Online Reservierungssystem. \u00dcber diese System k\u00f6nnen die Stunden reserviert werden. Sollte jemand reserviert haben und nicht spielen k\u00f6nne, bitte die Reservierung so schnell wie m\u00f6glich wieder aus dem System l\u00f6schen, damit der Platz f\u00fcr andere Spieler als frei erkennbar ist. Jeder Erwachsene, &hellip; <a href=\"https:\/\/tennisverein-rassach.at\/?page_id=125\" class=\"more-link\"><span class=\"screen-reader-text\">Ben\u00fctzungsbestimmung<\/span> weiterlesen <span class=\"meta-nav\">&rarr;<\/span><\/a><\/p>\n","protected":false},"author":1,"featured_media":0,"parent":240,"menu_order":0,"comment_status":"open","ping_status":"open","template":"","meta":{"ngg_post_thumbnail":0,"footnotes":""},"class_list":["post-125","page","type-page","status-publish","hentry"],"_links":{"self":[{"href":"https:\/\/tennisverein-rassach.at\/index.php?rest_route=\/wp\/v2\/pages\/125","targetHints":{"allow":["GET"]}}],"collection":[{"href":"https:\/\/tennisverein-rassach.at\/index.php?rest_route=\/wp\/v2\/pages"}],"about":[{"href":"https:\/\/tennisverein-rassach.at\/index.php?rest_route=\/wp\/v2\/types\/page"}],"author":[{"embeddable":true,"href":"https:\/\/tennisverein-rassach.at\/index.php?rest_route=\/wp\/v2\/users\/1"}],"replies":[{"embeddable":true,"href":"https:\/\/tennisverein-rassach.at\/index.php?rest_route=%2Fwp%2Fv2%2Fcomments&post=125"}],"version-history":[{"count":20,"href":"https:\/\/tennisverein-rassach.at\/index.php?rest_route=\/wp\/v2\/pages\/125\/revisions"}],"predecessor-version":[{"id":1242,"href":"https:\/\/tennisverein-rassach.at\/index.php?rest_route=\/wp\/v2\/pages\/125\/revisions\/1242"}],"up":[{"embeddable":true,"href":"https:\/\/tennisverein-rassach.at\/index.php?rest_route=\/wp\/v2\/pages\/240"}],"wp:attachment":[{"href":"https:\/\/tennisverein-rassach.at\/index.php?rest_route=%2Fwp%2Fv2%2Fmedia&parent=125"}],"curies":[{"name":"wp","href":"https:\/\/api.w.org\/{rel}","templated":true}]}}