{"id":528,"date":"2014-06-11T14:58:02","date_gmt":"2014-06-11T12:58:02","guid":{"rendered":"https:\/\/tennisverein-rassach.at\/?page_id=528"},"modified":"2021-04-26T10:29:27","modified_gmt":"2021-04-26T08:29:27","slug":"doppelrangliste-regeln","status":"publish","type":"page","link":"https:\/\/tennisverein-rassach.at\/?page_id=528","title":{"rendered":"Doppelrangliste Regeln"},"content":{"rendered":"<h4>Liebe Tennisfreunde!<\/h4>\n<p>Bei unserer Doppelrangliste soll ein m\u00f6glichst reibungsloser und unkomplizierter Ablauf und viel Spa\u00df am gemeinsamen Spiel im Vordergrund stehen. Dies Bedarf ein paar Regeln um die Organisation zu erleichtern:<\/p>\n<p><b>&nbsp;Grundregeln<\/b>&nbsp;&nbsp;<\/p>\n<p>&nbsp;<\/p>\n<ol>\n<li>Der erst genannte Herr soll das Spiel organisieren.<br \/>\nD.h. er kontaktiert seinen Partner sowie die beiden Gegenspieler und bem\u00fcht sich um einen Spieltermin.<br \/>\nEs d\u00fcrfen aber auch die anderen gelosten Spieler die Initiative ergreifen.<\/li>\n<li>Weiters stellt er bitte die Tennisb\u00e4lle f\u00fcr das Match zur Verf\u00fcgung.<\/li>\n<li>Prinzipiell dauert eine Runde 3 Wochen,<br \/>\nAusnahmen werden gesondert bekanntgegeben!<\/li>\n<li>Falls ein Termin in der Runde nicht zu Stande kommen kann, darf ein Ersatztermin eingefordert werden.<\/li>\n<li>Gespielt wird auf 2 gewonnene S\u00e4tze mit der &#8222;NO AD&#8220; Regel. Das hei\u00dft es wird bei EINSTAND ein Entscheidungspunkt gespielt und der R\u00fcckschl\u00e4ger bestimmt auf wen aufgeschlagen wird.<\/li>\n<li>Das Ergebnis wird verl\u00e4sslich von den Siegern in die SIGNAL Gruppe &#8222;Tennisverein&#8220; eingetragen.<\/li>\n<li>Wenn ein Spieler nicht spielen kann, hat dieser bitte f\u00fcr Ersatz zu Sorgen. (Absprache mit den Gegnern ist erw\u00fcnscht) &#8211; siehe Sonderregeln<\/li>\n<li>Wenn kein Termin zu Stande kommt (was nicht sein soll..) bitte direkt mit dem Schiedsrichter Martin Ruhh\u00fctl Kontakt aufnehmen!<\/li>\n<\/ol>\n<p><b>&nbsp;<\/b><\/p>\n<p>&nbsp; <b>Sonderregeln<\/b><b>&nbsp;<\/b>&nbsp;&nbsp;<\/p>\n<p>&nbsp;<\/p>\n<ol>\n<li>Falls ein Spieler nicht spielen kann organisiert nach telefonischer Absprache entweder der ausfallende Spieler oder der Partner einen Ersatzspieler und vermittelt ihm dann in weiterer Folge den Spieltermin.\n<p><b><\/b><\/li>\n<li>Falls der Ersatzspieler den erstgenannten Herrn ersetzt, \u00fcbernimmt&nbsp;<b>bitte der Partner<\/b>&nbsp;die Organisation.<\/li>\n<\/ol>\n<p><b>Punktevergabe<\/b>&nbsp;&nbsp;<\/p>\n<ol>\n<li>Das Gewinnerteam erh\u00e4lt 3 Punkte.<\/li>\n<li>Das Verliererteam erh\u00e4lt 2 Punkt.<\/li>\n<li>Falls nicht gespielt wurde ist dies mit 6:0 bzw. 0:6 zu bewerten und<br \/>\neinzutragen. (Das Team, wegen dem das Spiel nicht zustande gekommen ist,<br \/>\nbekommt 0 Punkte das andere Team bekommt 2 Punkte.)<\/li>\n<li>Falls kein Punktestand eingetragen wurde, wird davon ausgegangen, dass nicht<br \/>\ngefordert wurde und dies bedeutet f\u00fcr beide Teams 0 Punkte<\/li>\n<li>Weder ein Ersatzspieler noch ein ausgefallener Spieler erh\u00e4lt Punkte.<\/li>\n<\/ol>\n<p>&nbsp;<\/p>\n<p>&nbsp;<\/p>\n<p><center><b>Ideen oder Verbesserungsvorschl\u00e4ge bitte gerne dem Vorstand bekannt geben.<br \/>\nemail: vorstand@tennisverein-rassach.at<\/b><\/center><br \/>\n<b><\/b><\/p>\n<p>&nbsp;<\/p>\n<p>&nbsp;<\/p>\n<p>&nbsp;<\/p>\n<p>&nbsp;<\/p>\n<p><center><b>Gut Spiel w\u00fcnscht der Vorstand des Tennisvereines<\/b><\/center>&nbsp;<\/p>\n<p>&nbsp;<\/p>\n<p>&nbsp;<\/p>\n<p>&nbsp;<\/p>\n<p>&nbsp;<\/p>\n<p>&nbsp;<\/p>\n<p><center><b>&nbsp;<\/b><\/center>&nbsp;<\/p>\n<p>&nbsp;<\/p>\n<p>&nbsp;<\/p>\n","protected":false},"excerpt":{"rendered":"<p>Liebe Tennisfreunde! Bei unserer Doppelrangliste soll ein m\u00f6glichst reibungsloser und unkomplizierter Ablauf und viel Spa\u00df am gemeinsamen Spiel im Vordergrund stehen. Dies Bedarf ein paar Regeln um die Organisation zu erleichtern: &nbsp;Grundregeln&nbsp;&nbsp; &nbsp; Der erst genannte Herr soll das Spiel organisieren. D.h. er kontaktiert seinen Partner sowie die beiden Gegenspieler und bem\u00fcht sich um einen &hellip; <a href=\"https:\/\/tennisverein-rassach.at\/?page_id=528\" class=\"more-link\"><span class=\"screen-reader-text\">Doppelrangliste Regeln<\/span> weiterlesen <span class=\"meta-nav\">&rarr;<\/span><\/a><\/p>\n","protected":false},"author":1,"featured_media":0,"parent":0,"menu_order":100,"comment_status":"closed","ping_status":"closed","template":"","meta":{"ngg_post_thumbnail":0,"footnotes":""},"class_list":["post-528","page","type-page","status-publish","hentry"],"_links":{"self":[{"href":"https:\/\/tennisverein-rassach.at\/index.php?rest_route=\/wp\/v2\/pages\/528","targetHints":{"allow":["GET"]}}],"collection":[{"href":"https:\/\/tennisverein-rassach.at\/index.php?rest_route=\/wp\/v2\/pages"}],"about":[{"href":"https:\/\/tennisverein-rassach.at\/index.php?rest_route=\/wp\/v2\/types\/page"}],"author":[{"embeddable":true,"href":"https:\/\/tennisverein-rassach.at\/index.php?rest_route=\/wp\/v2\/users\/1"}],"replies":[{"embeddable":true,"href":"https:\/\/tennisverein-rassach.at\/index.php?rest_route=%2Fwp%2Fv2%2Fcomments&post=528"}],"version-history":[{"count":43,"href":"https:\/\/tennisverein-rassach.at\/index.php?rest_route=\/wp\/v2\/pages\/528\/revisions"}],"predecessor-version":[{"id":1332,"href":"https:\/\/tennisverein-rassach.at\/index.php?rest_route=\/wp\/v2\/pages\/528\/revisions\/1332"}],"wp:attachment":[{"href":"https:\/\/tennisverein-rassach.at\/index.php?rest_route=%2Fwp%2Fv2%2Fmedia&parent=528"}],"curies":[{"name":"wp","href":"https:\/\/api.w.org\/{rel}","templated":true}]}}