{"id":54,"date":"2014-03-26T14:18:12","date_gmt":"2014-03-26T12:18:12","guid":{"rendered":"https:\/\/tennisverein-rassach.at\/wordpress\/?page_id=54"},"modified":"2021-03-19T17:16:47","modified_gmt":"2021-03-19T15:16:47","slug":"chronik","status":"publish","type":"page","link":"https:\/\/tennisverein-rassach.at\/?page_id=54","title":{"rendered":"Chronik"},"content":{"rendered":"<h2>Geschichte des Tennisverein Rassach<\/h2>\n<p>Der Verein wurde am 7.2.1997 gegr\u00fcndet. Nichtuntersagungsbescheid vom 4.2.1997.<img loading=\"lazy\" decoding=\"async\" class=\"alignright\" style=\"margin: 10px;\" src=\"https:\/\/tennisverein-rassach.at\/wordpress\/wp-content\/uploads\/2014\/03\/chronik.jpg\" alt=\"chronik\" width=\"370\" height=\"290\"><\/p>\n<p><em>Obmann:<\/em>&nbsp;Alois \u00d6xl<br \/>\n<em>Obmannstellvertreter:<\/em>&nbsp;Florian Bretterklieber<br \/>\n<em style=\"line-height: 1.5em;\">Kassier:<\/em><span style=\"line-height: 1.5em;\">&nbsp;Herbert Orthaber<br \/>\n<\/span><em style=\"line-height: 1.5em;\">Kassierstellvertreter:<\/em><span style=\"line-height: 1.5em;\">&nbsp;Johann Koch<br \/>\n<\/span><em style=\"line-height: 1.5em;\">Schriftf\u00fchrer:<\/em><span style=\"line-height: 1.5em;\">&nbsp;Walter Ruhh\u00fctl<br \/>\n<\/span><em>Schriftf\u00fchrerstellvertreter:<\/em>&nbsp;Anton Moser<\/p>\n<h2>Chronik und Aktivit\u00e4ten<\/h2>\n<p>Im Jahre 1995 musste der ehemalige Rassacher Fu\u00dfballplatz hinter dem Schulhaus auf ein anderes Grundst\u00fcck verlegt werden. Schon damals war bei den Rassacher Sportlern die Idee geboren, auch Tennispl\u00e4tze in der Gemeinde Rassach zu errichten. Als einer der Hauptinitiatoren f\u00fcr die Gr\u00fcndung eines Tennisvereines war der damalige <b>GR Alois \u00d6xl<\/b>, der in einer Gemeindeumfrage auch von den Bewohnern der Gemeinde Rassach ein reges Interesse f\u00fcr dieses Vorhaben fand. Es musste nun auch ein entsprechendes Grundst\u00fcck gefunden werden. Nach langwierigen Verhandlungen kam man zu der Entscheidung, die Tennispl\u00e4tze neben dem neuen Fu\u00dfballfeld in der N\u00e4he des Po\u00dfnitzbaches zu errichten. Das Proponentenkomitee, angef\u00fchrt von Alois \u00d6xl und Herbert Orthaber konnte am 7.2.1997 im Gasthaus Putzer die Gr\u00fcndungsversammlung des Tennisvereines Rassach abhalten, an der bereits 63 Mitglieder teilnahmen.<\/p>\n<p>Mit Ende Juni 1997 konnte der Spielbetrieb auf der Rassacher Tennisanlage aufgenommen werden und die Auslastung der Pl\u00e4tze war von Anfang an sehr gut. Man entschied sich f\u00fcr einen Kunstrasenbelag mit einer Quarzsandauflage, welcher ein fast echtes &#8222;Sandplatzfeeling&#8220; vermittelt. Au\u00dferdem kann auch kurze Zeit nach einem Regenguss bereits wieder gespielt werden. Nach nur kurzer Zeit ist die Tennisanlage auch ein gesellschaftlicher Treffpunkt f\u00fcr die Mitglieder geworden, denn man konnte die H\u00fctte, die von den Fu\u00dfballern errichtet wurde, auch mitbenutzen.<\/p>\n<p>Im Jahr 2007 wurde die H\u00fctte von den Fu\u00dfballern unter Obmann Gerhard Painsi und Kassier Markus Steinbauer zu einem Sporthaus umgebaut. Das neue Sporthaus ist mit 6 Duschen ausgestattet und das Vereinshaus bietet innen und au\u00dfen genug Platz, um die abgehaltenen Tennismatches bei einem k\u00fchlen Getr\u00e4nk analysieren zu k\u00f6nnen. Wer vom Sport noch nicht genug hat, kann sich auch noch am Drehfu\u00dfballtisch duellieren.<\/p>\n<p>Im Fr\u00fchjahr 2010 wurde auf den Tennispl\u00e4tzen ein neuer Belag aufgetragen. Der neue Belag ist vom Spielverhalten vergleichbar mit einem gut gepflegten Sandplatz. Ein spezielles Sportgarn erm\u00f6glicht ein ausgezeichnetes Sprungverhalten. Die extra starke glatte Oberfl\u00e4che optimiert den Gleitreibungswert und der Platz ist unmittelbar nach Regen wieder bespielbar. Durch das Einstreuen eines roten Spezial-Quarzsandes, der den Flor st\u00fctzt und so unverr\u00fcckbar macht, sieht der Platz optisch wie ein Sandplatz aus. Dass um ein Wesentliches weniger an Pflege notwendig ist, rundet das positive Bild ab.<\/p>\n<p>Seit Bestehen des Tennisvereines wird allj\u00e4hrlich auch ein Mixed-Turnier durchgef\u00fchrt, bei dem auch Nicht-Mitglieder teilnehmen k\u00f6nnen.<\/p>\n<p>Aber auch f\u00fcr die Kinder werden Kindertenniskurse und sogenannte &#8222;Kinder-Tennis-Treff&#8217;s&#8220; organisiert.<\/p>\n<p>Seit dem Jahr 2002 organisiert der Tennisverein auch Tenniscamps; zuerst in Kroatien und seit dem Jahr 2008 in Ungarn wo bis zu 77 ! Mitglieder daran teilnehmen. In den letzten Jahren wurde wieder Kroatien bevorzugt.<\/p>\n<p>Seit dem Jahr 2020 nimmt der Tennisverein Rassach auch an der Mannschaftsmeisterschaft des STTV in mehreren Altersklassen teil.<\/p>\n<p>&nbsp;<\/p>\n","protected":false},"excerpt":{"rendered":"<p>Geschichte des Tennisverein Rassach Der Verein wurde am 7.2.1997 gegr\u00fcndet. Nichtuntersagungsbescheid vom 4.2.1997. Obmann:&nbsp;Alois \u00d6xl Obmannstellvertreter:&nbsp;Florian Bretterklieber Kassier:&nbsp;Herbert Orthaber Kassierstellvertreter:&nbsp;Johann Koch Schriftf\u00fchrer:&nbsp;Walter Ruhh\u00fctl Schriftf\u00fchrerstellvertreter:&nbsp;Anton Moser Chronik und Aktivit\u00e4ten Im Jahre 1995 musste der ehemalige Rassacher Fu\u00dfballplatz hinter dem Schulhaus auf ein anderes Grundst\u00fcck verlegt werden. Schon damals war bei den Rassacher Sportlern die Idee geboren, &hellip; <a href=\"https:\/\/tennisverein-rassach.at\/?page_id=54\" class=\"more-link\"><span class=\"screen-reader-text\">Chronik<\/span> weiterlesen <span class=\"meta-nav\">&rarr;<\/span><\/a><\/p>\n","protected":false},"author":1,"featured_media":0,"parent":240,"menu_order":0,"comment_status":"open","ping_status":"open","template":"","meta":{"ngg_post_thumbnail":0,"footnotes":""},"class_list":["post-54","page","type-page","status-publish","hentry"],"_links":{"self":[{"href":"https:\/\/tennisverein-rassach.at\/index.php?rest_route=\/wp\/v2\/pages\/54","targetHints":{"allow":["GET"]}}],"collection":[{"href":"https:\/\/tennisverein-rassach.at\/index.php?rest_route=\/wp\/v2\/pages"}],"about":[{"href":"https:\/\/tennisverein-rassach.at\/index.php?rest_route=\/wp\/v2\/types\/page"}],"author":[{"embeddable":true,"href":"https:\/\/tennisverein-rassach.at\/index.php?rest_route=\/wp\/v2\/users\/1"}],"replies":[{"embeddable":true,"href":"https:\/\/tennisverein-rassach.at\/index.php?rest_route=%2Fwp%2Fv2%2Fcomments&post=54"}],"version-history":[{"count":12,"href":"https:\/\/tennisverein-rassach.at\/index.php?rest_route=\/wp\/v2\/pages\/54\/revisions"}],"predecessor-version":[{"id":1244,"href":"https:\/\/tennisverein-rassach.at\/index.php?rest_route=\/wp\/v2\/pages\/54\/revisions\/1244"}],"up":[{"embeddable":true,"href":"https:\/\/tennisverein-rassach.at\/index.php?rest_route=\/wp\/v2\/pages\/240"}],"wp:attachment":[{"href":"https:\/\/tennisverein-rassach.at\/index.php?rest_route=%2Fwp%2Fv2%2Fmedia&parent=54"}],"curies":[{"name":"wp","href":"https:\/\/api.w.org\/{rel}","templated":true}]}}