{"id":60,"date":"2014-03-26T14:23:12","date_gmt":"2014-03-26T12:23:12","guid":{"rendered":"https:\/\/tennisverein-rassach.at\/wordpress\/?page_id=60"},"modified":"2021-03-19T17:10:09","modified_gmt":"2021-03-19T15:10:09","slug":"anlage","status":"publish","type":"page","link":"https:\/\/tennisverein-rassach.at\/?page_id=60","title":{"rendered":"Anlage"},"content":{"rendered":"<p>&nbsp;<\/p>\n<h2>Die Tennispl\u00e4tze im Detail<\/h2>\n<p>Die beiden Tennispl\u00e4tze und das Volleyballfeld, mitten im Gr\u00fcnen und in der N\u00e4he schattenspendender B\u00e4ume gelegen wurden im Jahr 2010 generalsaniert. Der neue Belag ist vom Spielverhalten vergleichbar mit einem gut gepflegten Sandplatz. Ein spezielles Sportgarn erm\u00f6glicht ein ausgezeichnetes Sprungverhalten. Die extra starke glatte Oberfl\u00e4che optimiert den Gleitreibungswert und der Platz ist unmittelbar nach Regen wieder bespielbar. Durch das Einstreuen eines roten Spezial-Quarzsandes, der den Flor st\u00fctzt und so unverr\u00fcckbar macht, sieht der Platz optisch wie ein Sandplatz aus. Dass um ein Wesentliches weniger an Pflege notwendig ist, rundet das positive Bild ab.<br \/>\nIm Jahr 2019 wurden beide Pl\u00e4tze mit Flutlicht ausgestattet, sodass auch l\u00e4nger in den Abend hinein gespielt werden kann.<\/p>\n<p>Neben den Tennispl\u00e4tzen befindet sich das Fu\u00dfballfeld. Das im Jahr 2007 neu errichtete Sporthaus ist mit 6 Duschen ausgestattet und das Vereinshaus bietet innen und au\u00dfen genug Platz, um die abgehaltenen Tennismatches bei einem k\u00fchlen Getr\u00e4nk analysieren zu k\u00f6nnen. Wer vom Sport noch nicht genug hat, kann sich auch noch am Drehfu\u00dfballtisch duellieren.<\/p>\n<p>&nbsp;<\/p>\n<p>&nbsp;<\/p>\n","protected":false},"excerpt":{"rendered":"<p>&nbsp; Die Tennispl\u00e4tze im Detail Die beiden Tennispl\u00e4tze und das Volleyballfeld, mitten im Gr\u00fcnen und in der N\u00e4he schattenspendender B\u00e4ume gelegen wurden im Jahr 2010 generalsaniert. Der neue Belag ist vom Spielverhalten vergleichbar mit einem gut gepflegten Sandplatz. Ein spezielles Sportgarn erm\u00f6glicht ein ausgezeichnetes Sprungverhalten. Die extra starke glatte Oberfl\u00e4che optimiert den Gleitreibungswert und der &hellip; <a href=\"https:\/\/tennisverein-rassach.at\/?page_id=60\" class=\"more-link\"><span class=\"screen-reader-text\">Anlage<\/span> weiterlesen <span class=\"meta-nav\">&rarr;<\/span><\/a><\/p>\n","protected":false},"author":1,"featured_media":0,"parent":240,"menu_order":0,"comment_status":"open","ping_status":"open","template":"","meta":{"ngg_post_thumbnail":0,"footnotes":""},"class_list":["post-60","page","type-page","status-publish","hentry"],"_links":{"self":[{"href":"https:\/\/tennisverein-rassach.at\/index.php?rest_route=\/wp\/v2\/pages\/60","targetHints":{"allow":["GET"]}}],"collection":[{"href":"https:\/\/tennisverein-rassach.at\/index.php?rest_route=\/wp\/v2\/pages"}],"about":[{"href":"https:\/\/tennisverein-rassach.at\/index.php?rest_route=\/wp\/v2\/types\/page"}],"author":[{"embeddable":true,"href":"https:\/\/tennisverein-rassach.at\/index.php?rest_route=\/wp\/v2\/users\/1"}],"replies":[{"embeddable":true,"href":"https:\/\/tennisverein-rassach.at\/index.php?rest_route=%2Fwp%2Fv2%2Fcomments&post=60"}],"version-history":[{"count":10,"href":"https:\/\/tennisverein-rassach.at\/index.php?rest_route=\/wp\/v2\/pages\/60\/revisions"}],"predecessor-version":[{"id":1238,"href":"https:\/\/tennisverein-rassach.at\/index.php?rest_route=\/wp\/v2\/pages\/60\/revisions\/1238"}],"up":[{"embeddable":true,"href":"https:\/\/tennisverein-rassach.at\/index.php?rest_route=\/wp\/v2\/pages\/240"}],"wp:attachment":[{"href":"https:\/\/tennisverein-rassach.at\/index.php?rest_route=%2Fwp%2Fv2%2Fmedia&parent=60"}],"curies":[{"name":"wp","href":"https:\/\/api.w.org\/{rel}","templated":true}]}}